{"id":3388,"date":"2021-06-20T18:20:05","date_gmt":"2021-06-20T16:20:05","guid":{"rendered":"https:\/\/safas.it\/foundry\/"},"modified":"2021-06-21T19:34:55","modified_gmt":"2021-06-21T17:34:55","slug":"foundry","status":"publish","type":"page","link":"https:\/\/safas.it\/en\/foundry\/","title":{"rendered":"Foundry"},"content":{"rendered":"<div id='layout06'  class='avia-section main_color avia-section-default avia-no-border-styling  avia-bg-style-scroll  avia-builder-el-0  el_before_av_section  avia-builder-el-first   container_wrap fullsize' style=' '  ><div class='container' ><main  role=\"main\" itemprop=\"mainContentOfPage\"  class='template-page content  av-content-full alpha units'><div class='post-entry post-entry-type-page post-entry-3388'><div class='entry-content-wrapper clearfix'>\n<div   data-size='featured'  data-lightbox_size='large'  data-animation='slide'  data-conditional_play=''  data-ids='1370'  data-video_counter='0'  data-autoplay='false'  data-bg_slider='false'  data-slide_height=''  data-handle='av_slideshow'  data-interval='5'  data-class=' avia-builder-el-1  avia-builder-el-no-sibling  cover '  data-el_id=''  data-css_id=''  data-scroll_down=''  data-control_layout='av-control-default'  data-custom_markup=''  data-perma_caption=''  data-autoplay_stopper=''  data-image_attachment=''  data-min_height='0px'  data-default-height='28.666666666667'  class='avia-slideshow avia-slideshow-1  av-control-default av-default-height-applied avia-slideshow-featured av_slideshow  avia-builder-el-1  avia-builder-el-no-sibling  cover  avia-slide-slider '  itemprop=\"image\" itemscope=\"itemscope\" itemtype=\"https:\/\/schema.org\/ImageObject\" ><ul class='avia-slideshow-inner ' style='padding-bottom: 40.719696969697%;' ><li  class=' av-single-slide slide-1 ' ><div data-rel='slideshow-1' class='avia-slide-wrap '   ><img src='https:\/\/safas.it\/wp-content\/uploads\/2020\/07\/Impianti_Cover-1056x430.jpg' width='1056' height='430' title='Impianti_Cover' alt=''  itemprop=\"thumbnailUrl\"   \/><\/div><\/li><\/ul><\/div>\n\n<\/div><\/div><\/main><!-- close content main element --><\/div><\/div><div id='layout06-breadcrumb'  class='avia-section main_color avia-section-default avia-no-border-styling  avia-bg-style-scroll  avia-builder-el-2  el_after_av_section  el_before_av_section   container_wrap fullsize' style=' '  ><div class='container' ><div class='template-page content  av-content-full alpha units'><div class='post-entry post-entry-type-page post-entry-3388'><div class='entry-content-wrapper clearfix'>\n<section class=\"av_textblock_section \"  itemscope=\"itemscope\" itemtype=\"https:\/\/schema.org\/CreativeWork\" ><div class='avia_textblock breadcrumb '   itemprop=\"text\" ><span><span><a href=\"https:\/\/safas.it\/en\/\">Home<\/a><\/span>\n<\/div><\/section>\n\n<\/div><\/div><\/div><!-- close content main div --><\/div><\/div><div id='layout06-titolo'  class='avia-section main_color avia-section-default avia-no-border-styling  avia-bg-style-scroll  avia-builder-el-4  el_after_av_section  el_before_av_section   container_wrap fullsize' style=' '  ><div class='container' ><div class='template-page content  av-content-full alpha units'><div class='post-entry post-entry-type-page post-entry-3388'><div class='entry-content-wrapper clearfix'>\n<section class=\"av_textblock_section \"  itemscope=\"itemscope\" itemtype=\"https:\/\/schema.org\/CreativeWork\" ><div class='avia_textblock  '   itemprop=\"text\" ><h1 class=\"titolo\" style=\"text-align: center;\">THE FOUNDRY<\/h1>\n<\/div><\/section>\n<section class=\"av_textblock_section \"  itemscope=\"itemscope\" itemtype=\"https:\/\/schema.org\/CreativeWork\" ><div class='avia_textblock  '   itemprop=\"text\" ><h1 style=\"text-align: center;\">A COMMITMENT TO TOTAL QUALITY<\/h1>\n<\/div><\/section>\n\n<\/div><\/div><\/div><!-- close content main div --><\/div><\/div><div id='layout06-1col'  class='avia-section main_color avia-section-default avia-no-border-styling  avia-bg-style-scroll  avia-builder-el-7  el_after_av_section  el_before_av_section   container_wrap fullsize' style=' '  ><div class='container' ><div class='template-page content  av-content-full alpha units'><div class='post-entry post-entry-type-page post-entry-3388'><div class='entry-content-wrapper clearfix'>\n<section class=\"av_textblock_section \"  itemscope=\"itemscope\" itemtype=\"https:\/\/schema.org\/CreativeWork\" ><div class='avia_textblock  '   itemprop=\"text\" ><p><strong>The SAFAS Steel Foundry<\/strong> is located on an area of \u200b\u200b120,000 square meters of which 60,000 are covered. It is equipped with electric arc and induction furnaces and AOD refiners. Experience allows us to produce high quality castings in all types of steel, to meet all needs. The capacity of the steel mill allows to produce up to 75 tons of liquid steel completely refined in AOD converter, for the production of castings of castings with shipments weighing up to 32 tons.<\/p>\n<\/div><\/section>\n\n<\/div><\/div><\/div><!-- close content main div --><\/div><\/div><div id='layout06-2col'  class='avia-section main_color avia-section-default avia-no-border-styling  avia-bg-style-scroll  avia-builder-el-9  el_after_av_section  el_before_av_section   container_wrap fullsize' style=' '  ><div class='container' ><div class='template-page content  av-content-full alpha units'><div class='post-entry post-entry-type-page post-entry-3388'><div class='entry-content-wrapper clearfix'>\n<div class=\"flex_column av_one_half  av-break-at-tablet flex_column_div av-zero-column-padding first  avia-builder-el-10  el_before_av_one_half  avia-builder-el-first  col-2-1 \" style='border-radius:0px; '><section class=\"av_textblock_section \"  itemscope=\"itemscope\" itemtype=\"https:\/\/schema.org\/CreativeWork\" ><div class='avia_textblock  '   itemprop=\"text\" ><p>The characteristics of the castings are:<\/p>\n<p><strong>&#8211; Maximum weight 40 tons<br \/>\n&#8211; Maximum dimensions 700 x 500 x 450 cm<br \/>\n&#8211; Rough, rough-cut or finished<br \/>\n&#8211; Castings in all types of steel<\/strong><\/p>\n<\/div><\/section><\/div><div class=\"flex_column av_one_half  av-break-at-tablet flex_column_div av-zero-column-padding   avia-builder-el-12  el_after_av_one_half  avia-builder-el-last  col-2-2 \" style='border-radius:0px; ' id=\"layout02tablet\" ><div  class='avia-image-container  av-styling-    avia-builder-el-13  avia-builder-el-no-sibling  avia-align-center '  itemprop=\"image\" itemscope=\"itemscope\" itemtype=\"https:\/\/schema.org\/ImageObject\"  ><div class='avia-image-container-inner'><div class='avia-image-overlay-wrap'><img class='avia_image' src='https:\/\/safas.it\/wp-content\/uploads\/2020\/07\/Impianti.jpg' alt='' title='Foundry' height=\"320\" width=\"496\"  itemprop=\"thumbnailUrl\"  \/><\/div><\/div><\/div><\/div>\n\n<\/div><\/div><\/div><!-- close content main div --><\/div><\/div><div id='layout06-accordion'  class='avia-section main_color avia-section-default avia-no-border-styling  avia-bg-style-scroll  avia-builder-el-14  el_after_av_section  el_before_av_section   container_wrap fullsize' style=' '  ><div class='container' ><div class='template-page content  av-content-full alpha units'><div class='post-entry post-entry-type-page post-entry-3388'><div class='entry-content-wrapper clearfix'>\n<div  class=\"togglecontainer   toggle_close_all  avia-builder-el-15  avia-builder-el-no-sibling \" >\n<section class=\"av_toggle_section\"  itemscope=\"itemscope\" itemtype=\"https:\/\/schema.org\/CreativeWork\"  >    <div role=\"tablist\" class=\"single_toggle\" data-tags=\"{All} \"  >        <p data-fake-id=\"#toggle-id-1\" class=\"toggler \"  itemprop=\"headline\"    role=\"tab\" tabindex=\"0\" aria-controls=\"toggle-id-1-container\">THE AOD REFINING PROCESS<span class=\"toggle_icon\" >        <span class=\"vert_icon\"><\/span><span class=\"hor_icon\"><\/span><\/span><\/p>        <div id=\"toggle-id-1-container\" class=\"toggle_wrap \"  >            <div class=\"toggle_content invers-color \"  itemprop=\"text\"   ><div class=\"containerflex\">\n<div class=\"colflex\">\n<p>Il processo produttivo dell\u2019acciaieria inizia dal prelievo selettivo, dal parco rottami di ferro, della materia prima che viene successivamente caricata nei forni per la fusione. L\u2019acciaio fuso viene trasferito poi all\u2019affinazione dove si effettuano operazioni metallurgiche mirate, dall\u2019eliminazione di impurit\u00e0 non metalliche all\u2019aggiunta di piccole percentuali di ferro leghe secondo l\u2019analisi chimica prevista dal tipo di acciaio in produzione.<\/p>\n<p class=\"bloccotesto\">Per questa operazione Safas impiega, da oltre 30 anni, due affinatori fuoriforno a tecnologia Union Carbide (AOD) dotati di impianto semiautomatizzato di carico delle ferroleghe, per tutta la produzione di acciaio liquido proveniente dai forni ad arco e a induzione. I vantaggi di questa tecnologia, apprezzata da prestigiosi<br \/>\nutilizzatori finali come BP, Statoil, Norsok, NACE e CTI (Castings Technology International) per il suo valore e importanza, sono:<\/p>\n<p class=\"bloccotesto\">Uniformit\u00e0 di composizione chimica su tutta la colata Decarburazione degli acciai per un migliore controllo del grado L Desolforazione fino a bassi livelli di zolfo Rimozione o aggiunta dell\u2019azoto al bagno liquido senza bisogno di usare ferro-cromo azotato Riduzione dei valori di inclusioni non metalliche e altri elementi contaminanti come il bismuto e l\u2019arsenico.<\/p>\n<\/div>\n<div class=\"colflex\"><img loading=\"lazy\" class=\"alignnone size-full wp-image-3390\" src=\"https:\/\/safas.it\/wp-content\/uploads\/2020\/07\/Impianti_Affinazione-AOD-1.jpg\" alt=\"\" width=\"465\" height=\"320\" srcset=\"https:\/\/safas.it\/wp-content\/uploads\/2020\/07\/Impianti_Affinazione-AOD-1.jpg 465w, https:\/\/safas.it\/wp-content\/uploads\/2020\/07\/Impianti_Affinazione-AOD-1-300x206.jpg 300w\" sizes=\"(max-width: 465px) 100vw, 465px\" \/><br \/>\n<img loading=\"lazy\" class=\"alignnone size-full wp-image-3393\" src=\"https:\/\/safas.it\/wp-content\/uploads\/2020\/07\/Impianti_Affinazione-AOD-2.jpg\" alt=\"\" width=\"465\" height=\"320\" srcset=\"https:\/\/safas.it\/wp-content\/uploads\/2020\/07\/Impianti_Affinazione-AOD-2.jpg 465w, https:\/\/safas.it\/wp-content\/uploads\/2020\/07\/Impianti_Affinazione-AOD-2-300x206.jpg 300w\" sizes=\"(max-width: 465px) 100vw, 465px\" \/><\/div>\n<\/div>\n            <\/div>        <\/div>    <\/div><\/section>\n<section class=\"av_toggle_section\"  itemscope=\"itemscope\" itemtype=\"https:\/\/schema.org\/CreativeWork\"  >    <div role=\"tablist\" class=\"single_toggle\" data-tags=\"{All} \"  >        <p data-fake-id=\"#toggle-id-2\" class=\"toggler \"  itemprop=\"headline\"    role=\"tab\" tabindex=\"0\" aria-controls=\"toggle-id-2-container\">THE FORMING PROCESS<span class=\"toggle_icon\" >        <span class=\"vert_icon\"><\/span><span class=\"hor_icon\"><\/span><\/span><\/p>        <div id=\"toggle-id-2-container\" class=\"toggle_wrap \"  >            <div class=\"toggle_content invers-color \"  itemprop=\"text\"   ><div class=\"containerflex\">\n<div class=\"colflex\">\n<p>La formatura, l\u2019attivit\u00e0 di approntamento della forma entro cui viene colato il metallo, avviene in modalit\u00e0 sabbia-resina. Questo processo garantisce assoluta flessibilit\u00e0 nell\u2019allestimento, rispetto delle specifiche dimensionali e un\u2019ottima qualit\u00e0 superficiale nel getto.<\/p>\n<h2>IMPIANTO DI RIGENERAZIONE SABBIE<\/h2>\n<p>SAFAS \u00e8 dotata di un moderno impianto di rigenerazione delle sabbie esauste provenienti dalla fonderia. Questo riduce sensibilmente lo sfruttamento delle risorse naturali e contribuisce a costruire un sistema chiuso per minimizzare l\u2019impatto ambientale delle proprie attivit\u00e0.<\/p>\n<\/div>\n<div class=\"colflex\"><img loading=\"lazy\" class=\"alignnone size-full wp-image-3396\" src=\"https:\/\/safas.it\/wp-content\/uploads\/2020\/07\/Impianti_Formatura-sabbia-1.jpg\" alt=\"\" width=\"465\" height=\"320\" srcset=\"https:\/\/safas.it\/wp-content\/uploads\/2020\/07\/Impianti_Formatura-sabbia-1.jpg 465w, https:\/\/safas.it\/wp-content\/uploads\/2020\/07\/Impianti_Formatura-sabbia-1-300x206.jpg 300w\" sizes=\"(max-width: 465px) 100vw, 465px\" \/><img loading=\"lazy\" class=\"alignnone size-full wp-image-3399\" src=\"https:\/\/safas.it\/wp-content\/uploads\/2020\/07\/Impianti_Formatura-sabbia-2.jpg\" alt=\"\" width=\"465\" height=\"320\" srcset=\"https:\/\/safas.it\/wp-content\/uploads\/2020\/07\/Impianti_Formatura-sabbia-2.jpg 465w, https:\/\/safas.it\/wp-content\/uploads\/2020\/07\/Impianti_Formatura-sabbia-2-300x206.jpg 300w\" sizes=\"(max-width: 465px) 100vw, 465px\" \/><\/div>\n<\/div>\n            <\/div>        <\/div>    <\/div><\/section>\n<section class=\"av_toggle_section\"  itemscope=\"itemscope\" itemtype=\"https:\/\/schema.org\/CreativeWork\"  >    <div role=\"tablist\" class=\"single_toggle\" data-tags=\"{All} \"  >        <p data-fake-id=\"#toggle-id-3\" class=\"toggler \"  itemprop=\"headline\"    role=\"tab\" tabindex=\"0\" aria-controls=\"toggle-id-3-container\">THERMAL TREATMENTS<span class=\"toggle_icon\" >        <span class=\"vert_icon\"><\/span><span class=\"hor_icon\"><\/span><\/span><\/p>        <div id=\"toggle-id-3-container\" class=\"toggle_wrap \"  >            <div class=\"toggle_content invers-color \"  itemprop=\"text\"   ><div class=\"containerflex\">\n<div class=\"colflex\">\n<p>Tutti i getti prodotti in <strong>SAFAS<\/strong> vengono sottoposti a trattamento termico per conferire maggiori propriet\u00e0 meccaniche, eliminare microfratture e deformazioni del getto dovute a tensioni superficiali subite nella fase di raffreddamento dell\u2019acciaio colato in forma. Un passaggio fondamentale per garantire un getto di qualit\u00e0 superiore da inviare alle lavorazioni meccaniche di sgrossatura e finitura.<\/p>\n<div class=\"bloccotesto\">\n<p>Otto forni gestiti elettronicamente garantiscono il massimo grado di controllo; ogni trattamento termico pi\u00f9 essere realizzato anche in atmosfera controllata. Massime dimensioni dei forni: 700 x 450 x 350 cm. Due vasche consentono di realizzare trattamenti termici di tempra in acqua e olio. Massima capacit\u00e0 vasche: 700 mc.<\/p>\n<\/div>\n<div class=\"bloccotesto\">\n<p>Safas esegue diverse operazioni di trattamento termico:<\/p>\n<\/div>\n<div class=\"bloccotesto\"><\/div>\n<p><strong>&#8211; Ricottura<\/strong><br \/>\n<strong> &#8211; Normalizzazione<\/strong><br \/>\n<strong> &#8211; Distensione<\/strong><br \/>\n<strong> &#8211; Tempra in aria forzata, acqua o olio<\/strong><br \/>\n<strong> &#8211; Rinvenimento<\/strong><br \/>\n<strong> &#8211; Bonifica <\/strong><\/p>\n<\/div>\n<div class=\"colflex\"><img loading=\"lazy\" class=\"alignnone wp-image-3402 size-full\" src=\"https:\/\/safas.it\/wp-content\/uploads\/2020\/07\/Impianti_Trattamenti-termici-1.jpg\" alt=\"\" width=\"465\" height=\"320\" srcset=\"https:\/\/safas.it\/wp-content\/uploads\/2020\/07\/Impianti_Trattamenti-termici-1.jpg 465w, https:\/\/safas.it\/wp-content\/uploads\/2020\/07\/Impianti_Trattamenti-termici-1-300x206.jpg 300w\" sizes=\"(max-width: 465px) 100vw, 465px\" \/><img loading=\"lazy\" class=\"alignnone wp-image-3405 size-full\" src=\"https:\/\/safas.it\/wp-content\/uploads\/2020\/07\/Impianti_Trattamenti-termici-2.png\" alt=\"\" width=\"465\" height=\"144\" srcset=\"https:\/\/safas.it\/wp-content\/uploads\/2020\/07\/Impianti_Trattamenti-termici-2.png 465w, https:\/\/safas.it\/wp-content\/uploads\/2020\/07\/Impianti_Trattamenti-termici-2-300x93.png 300w\" sizes=\"(max-width: 465px) 100vw, 465px\" \/><\/div>\n<\/div>\n            <\/div>        <\/div>    <\/div><\/section>\n<section class=\"av_toggle_section\"  itemscope=\"itemscope\" itemtype=\"https:\/\/schema.org\/CreativeWork\"  >    <div role=\"tablist\" class=\"single_toggle\" data-tags=\"{All} \"  >        <p data-fake-id=\"#toggle-id-4\" class=\"toggler \"  itemprop=\"headline\"    role=\"tab\" tabindex=\"0\" aria-controls=\"toggle-id-4-container\">IL BUNKER RADIOLOGICO<span class=\"toggle_icon\" >        <span class=\"vert_icon\"><\/span><span class=\"hor_icon\"><\/span><\/span><\/p>        <div id=\"toggle-id-4-container\" class=\"toggle_wrap \"  >            <div class=\"toggle_content invers-color \"  itemprop=\"text\"   ><div class=\"containerflex\">\n<div class=\"colflex\">\n<p><strong>SAFAS<\/strong> dispone di un bunker per indagine radiografica \/ gammagrafica dove viene verificata l\u2019intero volume del getto, rilevata la sua integrit\u00e0 e gli eventuali difetti da valutare successivamente secondo gli standard di accettabilit\u00e0 indicati dalla normativa presa in esame. La scelta di utilizzo di sorgenti a raggi x (indagine radiografica) o gamma (indagine gammagrafica) dipende dallo spessore del materiale da esaminare e dalla qualit\u00e0 del risultato richiesta.<\/p>\n<div class=\"bloccotesto\"><\/div>\n<p><strong>Controllo radiografico:<\/strong><\/p>\n<p>raggi X con apparecchiature Seifert 200Kv e in bunker radiografico con acceleratore lineare Linatron M9A Dual Energy da 9\u00f75 Mev;<\/p>\n<div class=\"bloccotesto\"><\/div>\n<p><strong>Controllo gammagrafico<\/strong><\/p>\n<p>raggi gamma con 2 sorgenti IR 196 e 1 sorgente Co 60.<\/p>\n<\/div>\n<div class=\"colflex\"><img loading=\"lazy\" class=\"alignnone wp-image-3408 size-full\" src=\"https:\/\/safas.it\/wp-content\/uploads\/2020\/07\/Impianti_Bunker-RX.jpg\" alt=\"\" width=\"465\" height=\"320\" srcset=\"https:\/\/safas.it\/wp-content\/uploads\/2020\/07\/Impianti_Bunker-RX.jpg 465w, https:\/\/safas.it\/wp-content\/uploads\/2020\/07\/Impianti_Bunker-RX-300x206.jpg 300w\" sizes=\"(max-width: 465px) 100vw, 465px\" \/><\/div>\n<\/div>\n            <\/div>        <\/div>    <\/div><\/section>\n<\/div>\n<\/div><\/div><\/div><!-- close content main div --><\/div><\/div><div id='layout06-gallery'  class='avia-section main_color avia-section-default avia-no-border-styling  avia-bg-style-scroll  avia-builder-el-16  el_after_av_section  avia-builder-el-last   container_wrap fullsize' style=' '  ><div class='container' ><div class='template-page content  av-content-full alpha units'><div class='post-entry post-entry-type-page post-entry-3388'><div class='entry-content-wrapper clearfix'>\n<div   data-size='featured'  data-lightbox_size='large'  data-animation='slide'  data-conditional_play=''  data-ids='2566,2567,2568,2569,2570,2571'  data-video_counter='0'  data-autoplay='true'  data-bg_slider='false'  data-slide_height=''  data-handle='av_slideshow'  data-interval='6'  data-class=' avia-builder-el-17  avia-builder-el-no-sibling  '  data-el_id=''  data-css_id=''  data-scroll_down=''  data-control_layout='av-control-default'  data-custom_markup=''  data-perma_caption='aviaTBperma_caption'  data-autoplay_stopper=''  data-image_attachment=''  data-min_height='0px'  data-default-height='28.666666666667'  class='avia-slideshow avia-slideshow-2  av-control-default av-default-height-applied avia-slideshow-featured av_slideshow  avia-builder-el-17  avia-builder-el-no-sibling   avia-slide-slider '  itemprop=\"image\" itemscope=\"itemscope\" itemtype=\"https:\/\/schema.org\/ImageObject\" ><ul class='avia-slideshow-inner ' style='padding-bottom: 66.666666666667%;' ><li  class=' slide-1 ' ><div data-rel='slideshow-2' class='avia-slide-wrap '   ><img src='https:\/\/safas.it\/wp-content\/uploads\/2021\/06\/Impianti-3.jpg' width='630' height='420' title='Impianti-3' alt=''  itemprop=\"thumbnailUrl\"   \/><\/div><\/li><li  class=' slide-2 ' ><div data-rel='slideshow-2' class='avia-slide-wrap '   ><img src='https:\/\/safas.it\/wp-content\/uploads\/2021\/06\/Impianti-4.jpg' width='630' height='420' title='Impianti-4' alt=''  itemprop=\"thumbnailUrl\"   \/><\/div><\/li><li  class=' slide-3 ' ><div data-rel='slideshow-2' class='avia-slide-wrap '   ><img src='https:\/\/safas.it\/wp-content\/uploads\/2021\/06\/Impianti-5.jpg' width='630' height='420' title='Impianti-5' alt=''  itemprop=\"thumbnailUrl\"   \/><\/div><\/li><li  class=' slide-4 ' ><div data-rel='slideshow-2' class='avia-slide-wrap '   ><img src='https:\/\/safas.it\/wp-content\/uploads\/2021\/06\/Impianti-6.jpg' width='630' height='420' title='Impianti-6' alt=''  itemprop=\"thumbnailUrl\"   \/><\/div><\/li><li  class=' slide-5 ' ><div data-rel='slideshow-2' class='avia-slide-wrap '   ><img src='https:\/\/safas.it\/wp-content\/uploads\/2021\/06\/Impianti-7.jpg' width='630' height='420' title='Impianti-7' alt=''  itemprop=\"thumbnailUrl\"   \/><\/div><\/li><li  class=' slide-6 ' ><div data-rel='slideshow-2' class='avia-slide-wrap '   ><img src='https:\/\/safas.it\/wp-content\/uploads\/2021\/06\/Impianti-8.jpg' width='630' height='420' title='Impianti-8' alt=''  itemprop=\"thumbnailUrl\"   \/><\/div><\/li><\/ul><div class='avia-slideshow-arrows avia-slideshow-controls'><a href='#prev' class='prev-slide' aria-hidden='true' data-av_icon='\ue87c' data-av_iconfont='entypo-fontello'>Previous<\/a><a href='#next' class='next-slide' aria-hidden='true' data-av_icon='\ue87d' data-av_iconfont='entypo-fontello'>Next<\/a><\/div><div class='avia-slideshow-dots avia-slideshow-controls'><a href='#1' class='goto-slide active' >1<\/a><a href='#2' class='goto-slide ' >2<\/a><a href='#3' class='goto-slide ' >3<\/a><a href='#4' class='goto-slide ' >4<\/a><a href='#5' class='goto-slide ' >5<\/a><a href='#6' class='goto-slide ' >6<\/a><\/div><\/div>\n<\/p>\n","protected":false},"excerpt":{"rendered":"","protected":false},"author":1,"featured_media":0,"parent":0,"menu_order":0,"comment_status":"closed","ping_status":"closed","template":"","meta":[],"yoast_head":"<!-- This site is optimized with the Yoast SEO plugin v16.8 - https:\/\/yoast.com\/wordpress\/plugins\/seo\/ -->\n<title>Foundry - SAFAS<\/title>\n<meta name=\"robots\" content=\"index, follow, max-snippet:-1, max-image-preview:large, max-video-preview:-1\" \/>\n<link rel=\"canonical\" href=\"https:\/\/safas.it\/en\/foundry\/\" \/>\n<meta property=\"og:locale\" content=\"en_US\" \/>\n<meta property=\"og:type\" content=\"article\" \/>\n<meta property=\"og:title\" content=\"Foundry - SAFAS\" \/>\n<meta property=\"og:url\" content=\"https:\/\/safas.it\/en\/foundry\/\" \/>\n<meta property=\"og:site_name\" content=\"SAFAS\" \/>\n<meta property=\"article:modified_time\" content=\"2021-06-21T17:34:55+00:00\" \/>\n<meta property=\"og:image\" content=\"https:\/\/safas.it\/wp-content\/uploads\/2020\/07\/Impianti_Affinazione-AOD-1.jpg\" \/>\n<meta name=\"twitter:card\" content=\"summary_large_image\" \/>\n<meta name=\"twitter:label1\" content=\"Est. reading time\" \/>\n\t<meta name=\"twitter:data1\" content=\"7 minutes\" \/>\n<script type=\"application\/ld+json\" class=\"yoast-schema-graph\">{\"@context\":\"https:\/\/schema.org\",\"@graph\":[{\"@type\":\"WebSite\",\"@id\":\"https:\/\/safas.it\/#website\",\"url\":\"https:\/\/safas.it\/\",\"name\":\"SAFAS\",\"description\":\"Un nuovo sito targato WordPress\",\"potentialAction\":[{\"@type\":\"SearchAction\",\"target\":{\"@type\":\"EntryPoint\",\"urlTemplate\":\"https:\/\/safas.it\/?s={search_term_string}\"},\"query-input\":\"required name=search_term_string\"}],\"inLanguage\":\"en-US\"},{\"@type\":\"ImageObject\",\"@id\":\"https:\/\/safas.it\/en\/foundry\/#primaryimage\",\"inLanguage\":\"en-US\",\"url\":\"https:\/\/safas.it\/wp-content\/uploads\/2020\/07\/Impianti_Affinazione-AOD-1.jpg\",\"contentUrl\":\"https:\/\/safas.it\/wp-content\/uploads\/2020\/07\/Impianti_Affinazione-AOD-1.jpg\",\"width\":465,\"height\":320},{\"@type\":\"WebPage\",\"@id\":\"https:\/\/safas.it\/en\/foundry\/#webpage\",\"url\":\"https:\/\/safas.it\/en\/foundry\/\",\"name\":\"Foundry - SAFAS\",\"isPartOf\":{\"@id\":\"https:\/\/safas.it\/#website\"},\"primaryImageOfPage\":{\"@id\":\"https:\/\/safas.it\/en\/foundry\/#primaryimage\"},\"datePublished\":\"2021-06-20T16:20:05+00:00\",\"dateModified\":\"2021-06-21T17:34:55+00:00\",\"breadcrumb\":{\"@id\":\"https:\/\/safas.it\/en\/foundry\/#breadcrumb\"},\"inLanguage\":\"en-US\",\"potentialAction\":[{\"@type\":\"ReadAction\",\"target\":[\"https:\/\/safas.it\/en\/foundry\/\"]}]},{\"@type\":\"BreadcrumbList\",\"@id\":\"https:\/\/safas.it\/en\/foundry\/#breadcrumb\",\"itemListElement\":[{\"@type\":\"ListItem\",\"position\":1,\"name\":\"Home\",\"item\":\"https:\/\/safas.it\/en\/\"},{\"@type\":\"ListItem\",\"position\":2,\"name\":\"Foundry\"}]}]}<\/script>\n<!-- \/ Yoast SEO plugin. -->","yoast_head_json":{"title":"Foundry - SAFAS","robots":{"index":"index","follow":"follow","max-snippet":"max-snippet:-1","max-image-preview":"max-image-preview:large","max-video-preview":"max-video-preview:-1"},"canonical":"https:\/\/safas.it\/en\/foundry\/","og_locale":"en_US","og_type":"article","og_title":"Foundry - SAFAS","og_url":"https:\/\/safas.it\/en\/foundry\/","og_site_name":"SAFAS","article_modified_time":"2021-06-21T17:34:55+00:00","og_image":[{"url":"https:\/\/safas.it\/wp-content\/uploads\/2020\/07\/Impianti_Affinazione-AOD-1.jpg"}],"twitter_card":"summary_large_image","twitter_misc":{"Est. reading time":"7 minutes"},"schema":{"@context":"https:\/\/schema.org","@graph":[{"@type":"WebSite","@id":"https:\/\/safas.it\/#website","url":"https:\/\/safas.it\/","name":"SAFAS","description":"Un nuovo sito targato WordPress","potentialAction":[{"@type":"SearchAction","target":{"@type":"EntryPoint","urlTemplate":"https:\/\/safas.it\/?s={search_term_string}"},"query-input":"required name=search_term_string"}],"inLanguage":"en-US"},{"@type":"ImageObject","@id":"https:\/\/safas.it\/en\/foundry\/#primaryimage","inLanguage":"en-US","url":"https:\/\/safas.it\/wp-content\/uploads\/2020\/07\/Impianti_Affinazione-AOD-1.jpg","contentUrl":"https:\/\/safas.it\/wp-content\/uploads\/2020\/07\/Impianti_Affinazione-AOD-1.jpg","width":465,"height":320},{"@type":"WebPage","@id":"https:\/\/safas.it\/en\/foundry\/#webpage","url":"https:\/\/safas.it\/en\/foundry\/","name":"Foundry - SAFAS","isPartOf":{"@id":"https:\/\/safas.it\/#website"},"primaryImageOfPage":{"@id":"https:\/\/safas.it\/en\/foundry\/#primaryimage"},"datePublished":"2021-06-20T16:20:05+00:00","dateModified":"2021-06-21T17:34:55+00:00","breadcrumb":{"@id":"https:\/\/safas.it\/en\/foundry\/#breadcrumb"},"inLanguage":"en-US","potentialAction":[{"@type":"ReadAction","target":["https:\/\/safas.it\/en\/foundry\/"]}]},{"@type":"BreadcrumbList","@id":"https:\/\/safas.it\/en\/foundry\/#breadcrumb","itemListElement":[{"@type":"ListItem","position":1,"name":"Home","item":"https:\/\/safas.it\/en\/"},{"@type":"ListItem","position":2,"name":"Foundry"}]}]}},"_links":{"self":[{"href":"https:\/\/safas.it\/en\/wp-json\/wp\/v2\/pages\/3388"}],"collection":[{"href":"https:\/\/safas.it\/en\/wp-json\/wp\/v2\/pages"}],"about":[{"href":"https:\/\/safas.it\/en\/wp-json\/wp\/v2\/types\/page"}],"author":[{"embeddable":true,"href":"https:\/\/safas.it\/en\/wp-json\/wp\/v2\/users\/1"}],"replies":[{"embeddable":true,"href":"https:\/\/safas.it\/en\/wp-json\/wp\/v2\/comments?post=3388"}],"version-history":[{"count":14,"href":"https:\/\/safas.it\/en\/wp-json\/wp\/v2\/pages\/3388\/revisions"}],"predecessor-version":[{"id":4003,"href":"https:\/\/safas.it\/en\/wp-json\/wp\/v2\/pages\/3388\/revisions\/4003"}],"wp:attachment":[{"href":"https:\/\/safas.it\/en\/wp-json\/wp\/v2\/media?parent=3388"}],"curies":[{"name":"wp","href":"https:\/\/api.w.org\/{rel}","templated":true}]}}